{"id":2548,"date":"2025-03-20T11:07:00","date_gmt":"2025-03-20T10:07:00","guid":{"rendered":"http:\/\/www.snepfsu-lille.net\/wp\/?page_id=2548"},"modified":"2026-03-24T20:28:30","modified_gmt":"2026-03-24T19:28:30","slug":"tout-savoir-muts-intra","status":"publish","type":"page","link":"https:\/\/www.snepfsu-lille.net\/wp\/mutations\/mouvement-intra\/tout-savoir-muts-intra\/","title":{"rendered":"Tout savoir sur l&rsquo;intra"},"content":{"rendered":"\t\t<div data-elementor-type=\"wp-page\" data-elementor-id=\"2548\" class=\"elementor elementor-2548\">\n\t\t\t\t\t\t<section class=\"elementor-section elementor-top-section elementor-element elementor-element-d40eb5d elementor-section-boxed elementor-section-height-default elementor-section-height-default\" data-id=\"d40eb5d\" data-element_type=\"section\" data-e-type=\"section\">\n\t\t\t\t\t\t<div class=\"elementor-container elementor-column-gap-default\">\n\t\t\t\t\t<div class=\"elementor-column elementor-col-100 elementor-top-column elementor-element elementor-element-73dda39\" data-id=\"73dda39\" data-element_type=\"column\" data-e-type=\"column\">\n\t\t\t<div class=\"elementor-widget-wrap elementor-element-populated\">\n\t\t\t\t\t\t<div class=\"elementor-element elementor-element-bb423a2 elementor-widget elementor-widget-heading\" data-id=\"bb423a2\" data-element_type=\"widget\" data-e-type=\"widget\" data-widget_type=\"heading.default\">\n\t\t\t\t<div class=\"elementor-widget-container\">\n\t\t\t\t\t<h2 class=\"elementor-heading-title elementor-size-default\">Tout savoir sur l'intra<\/h2>\t\t\t\t<\/div>\n\t\t\t\t<\/div>\n\t\t\t\t\t<\/div>\n\t\t<\/div>\n\t\t\t\t\t<\/div>\n\t\t<\/section>\n\t\t\t\t<section class=\"elementor-section elementor-top-section elementor-element elementor-element-a6b39a0 elementor-section-boxed elementor-section-height-default elementor-section-height-default\" data-id=\"a6b39a0\" data-element_type=\"section\" data-e-type=\"section\">\n\t\t\t\t\t\t<div class=\"elementor-container elementor-column-gap-default\">\n\t\t\t\t\t<div class=\"elementor-column elementor-col-100 elementor-top-column elementor-element elementor-element-a0adfbf\" data-id=\"a0adfbf\" data-element_type=\"column\" data-e-type=\"column\">\n\t\t\t<div class=\"elementor-widget-wrap elementor-element-populated\">\n\t\t\t\t\t\t<div class=\"elementor-element elementor-element-f2524a4 elementor-invisible elementor-widget elementor-widget-image\" data-id=\"f2524a4\" data-element_type=\"widget\" data-e-type=\"widget\" data-settings=\"{&quot;_animation&quot;:&quot;bounceIn&quot;}\" data-widget_type=\"image.default\">\n\t\t\t\t<div class=\"elementor-widget-container\">\n\t\t\t\t\t\t\t\t\t\t\t\t<figure class=\"wp-caption\">\n\t\t\t\t\t\t\t\t\t\t\t<a href=\"https:\/\/www.snepfsu-lille.net\/wp\/adherent\/bulletins-intra-lille\/\" target=\"_blank\">\n\t\t\t\t\t\t\t<img fetchpriority=\"high\" decoding=\"async\" width=\"219\" height=\"300\" src=\"https:\/\/www.snepfsu-lille.net\/wp\/wp-content\/uploads\/2026\/03\/bulletin-SNESP-FSU-LILLE-Intra-2026-219x300.jpg\" class=\"elementor-animation-grow-rotate attachment-medium size-medium wp-image-16692\" alt=\"\" srcset=\"https:\/\/www.snepfsu-lille.net\/wp\/wp-content\/uploads\/2026\/03\/bulletin-SNESP-FSU-LILLE-Intra-2026-219x300.jpg 219w, https:\/\/www.snepfsu-lille.net\/wp\/wp-content\/uploads\/2026\/03\/bulletin-SNESP-FSU-LILLE-Intra-2026.jpg 584w\" sizes=\"(max-width: 219px) 100vw, 219px\" \/>\t\t\t\t\t\t\t\t<\/a>\n\t\t\t\t\t\t\t\t\t\t\t<figcaption class=\"widget-image-caption wp-caption-text\"><\/figcaption>\n\t\t\t\t\t\t\t\t\t\t<\/figure>\n\t\t\t\t\t\t\t\t\t<\/div>\n\t\t\t\t<\/div>\n\t\t\t\t<div class=\"elementor-element elementor-element-b9c7929 elementor-invisible elementor-widget elementor-widget-text-editor\" data-id=\"b9c7929\" data-element_type=\"widget\" data-e-type=\"widget\" data-settings=\"{&quot;_animation&quot;:&quot;zoomIn&quot;}\" data-widget_type=\"text-editor.default\">\n\t\t\t\t<div class=\"elementor-widget-container\">\n\t\t\t\t\t\t\t\t\t<p style=\"text-align: justify;\"><strong>Comment le Snep-FSU peut-il m\u2019accompagner et assurer le suivi de ma demande de mutation ?<\/strong><br \/>Les infos : 0603620778 et <a href=\"mailto:corpo-lille@snepfsu.net\" target=\"_blank\" rel=\"noopener\">corpo-lille@snepfsu.net<\/a><\/p><p style=\"text-align: justify;\">Phase INTER 2026 : <a href=\"https:\/\/www.snepfsu-lille.net\/wp\/mutations\/actualites-mutations\/\" target=\"_blank\" rel=\"noopener\">que faire apr\u00e8s le 11 mars 2026 ?<\/a><\/p>\t\t\t\t\t\t\t\t<\/div>\n\t\t\t\t<\/div>\n\t\t\t\t\t<\/div>\n\t\t<\/div>\n\t\t\t\t<div class=\"elementor-column elementor-col-100 elementor-top-column elementor-element elementor-element-6a2cfae\" data-id=\"6a2cfae\" data-element_type=\"column\" data-e-type=\"column\">\n\t\t\t<div class=\"elementor-widget-wrap elementor-element-populated\">\n\t\t\t\t\t\t<div class=\"elementor-element elementor-element-978ac4c elementor-invisible elementor-widget elementor-widget-text-editor\" data-id=\"978ac4c\" data-element_type=\"widget\" data-e-type=\"widget\" data-settings=\"{&quot;_animation&quot;:&quot;zoomIn&quot;}\" data-widget_type=\"text-editor.default\">\n\t\t\t\t<div class=\"elementor-widget-container\">\n\t\t\t\t\t\t\t\t\t<p style=\"text-align: justify;\">Mutations<strong> Intra 2026<\/strong><\/p><p style=\"text-align: justify;\"><strong>Le PLUS pour les syndiqu\u00e9(e)s :<\/strong><\/p><p style=\"text-align: justify;\"><a href=\"https:\/\/www.snepfsu-lille.net\/wp\/adherent\/postes-vacants-et-liberes-a-linter-mis-au-mouvement-intra-2026\/\" target=\"_blank\" rel=\"noopener\"><strong>Liste des postes EPS vacants intra<\/strong><\/a> (maj 20 mars 2026)<\/p><div data-id=\"4e67346\" data-element_type=\"widget\" data-widget_type=\"text-editor.default\"><div><div style=\"text-align: justify;\"><p style=\"text-align: justify;\"><a href=\"https:\/\/www.snepfsu-lille.net\/wp\/accueil-3\/tout-sur-lintra-pour-les-syndiques\/\" target=\"_blank\" rel=\"noopener\"><strong>Suivi et conseils pour formuler ses voeux intra<\/strong><\/a> acad\u00e9mique Lille (maj 20 mars 2026)<\/p><\/div><\/div><\/div><p style=\"text-align: justify;\">Op\u00e9ration recensement des postes EPS lib\u00e9r\u00e9s et susceptibles d\u2019\u00eatre vacants, ce qui est une aide pr\u00e9cieuse pour les participants \u00e0 l&rsquo;intra Lille 2026 dans leurs choix et strat\u00e9gies de v\u0153ux.<br \/><strong>Nous invitons donc les coll\u00e8gues arrivants et sortants de l\u2019acad\u00e9mie de LILLE, \u00e0 remplir<\/strong><a href=\"https:\/\/forms.gle\/q5hFtXeR2ANZyGGQ7\" target=\"_blank\" rel=\"noopener\"><strong> le questionnaire <\/strong><\/a><\/p>\t\t\t\t\t\t\t\t<\/div>\n\t\t\t\t<\/div>\n\t\t\t\t<section class=\"elementor-section elementor-inner-section elementor-element elementor-element-b85e180 elementor-section-boxed elementor-section-height-default elementor-section-height-default\" data-id=\"b85e180\" data-element_type=\"section\" data-e-type=\"section\">\n\t\t\t\t\t\t<div class=\"elementor-container elementor-column-gap-default\">\n\t\t\t\t\t<div class=\"elementor-column elementor-col-100 elementor-inner-column elementor-element elementor-element-f876ab3\" data-id=\"f876ab3\" data-element_type=\"column\" data-e-type=\"column\">\n\t\t\t<div class=\"elementor-widget-wrap elementor-element-populated\">\n\t\t\t\t\t\t<div class=\"elementor-element elementor-element-41160e7 elementor-widget elementor-widget-text-editor\" data-id=\"41160e7\" data-element_type=\"widget\" data-e-type=\"widget\" data-widget_type=\"text-editor.default\">\n\t\t\t\t<div class=\"elementor-widget-container\">\n\t\t\t\t\t\t\t\t\t<p>Mouvement<strong> Intra EPS LILLE 2026<\/strong><br \/>Le 20\/03\/26<\/p><p style=\"text-align: justify;\"><a href=\"https:\/\/www.snepfsu-lille.net\/wp\/wp-content\/uploads\/2026\/03\/mouvement-intra-LILLE-note-generale-2026.pdf\" target=\"_blank\" rel=\"noopener\">Note de service mouvement intra acad\u00e9mique Lille 2026<\/a><\/p><p style=\"text-align: justify;\"><a href=\"https:\/\/www.snepfsu-lille.net\/wp\/wp-content\/uploads\/2026\/03\/mouvement-intra-LILLE-annexe-technique-2026.pdf\" target=\"_blank\" rel=\"noopener\">Annexe note de service mouvement intra acad\u00e9mique Lille 2026<\/a><\/p><p><a href=\"https:\/\/www.snepfsu-lille.net\/wp\/wp-content\/uploads\/2026\/03\/memo-LILLE-bonification-medicale-mouvement-intra-2d-2026.pdf\" target=\"_blank\" rel=\"noopener\">M\u00e9mo bonification m\u00e9dicale mouvement intra acad\u00e9mique 2026<\/a><\/p><p style=\"text-align: justify;\"><a href=\"https:\/\/www.snepfsu-lille.net\/wp\/wp-content\/uploads\/2026\/01\/circulaire_mesures_de_carte_scolaires_-_rentree_scolaire_2026.pdf\" target=\"_blank\" rel=\"noopener\">Qui part en Mesures de cartes scolaires &#8211; note du 16 janvier 2026<\/a><\/p><p style=\"text-align: justify;\">Saisie des demandes sur Iprof-SIAM via <a href=\"https:\/\/eduline.ac-lille.fr\/\" target=\"_blank\" rel=\"noopener\">EDULINE<\/a><\/p>\t\t\t\t\t\t\t\t<\/div>\n\t\t\t\t<\/div>\n\t\t\t\t\t<\/div>\n\t\t<\/div>\n\t\t\t\t\t<\/div>\n\t\t<\/section>\n\t\t\t\t\t<\/div>\n\t\t<\/div>\n\t\t\t\t\t<\/div>\n\t\t<\/section>\n\t\t\t\t<section class=\"elementor-section elementor-top-section elementor-element elementor-element-2cfb1c0 elementor-section-boxed elementor-section-height-default elementor-section-height-default\" data-id=\"2cfb1c0\" data-element_type=\"section\" data-e-type=\"section\">\n\t\t\t\t\t\t<div class=\"elementor-container elementor-column-gap-default\">\n\t\t\t\t\t<div class=\"elementor-column elementor-col-100 elementor-top-column elementor-element elementor-element-3eae042\" data-id=\"3eae042\" data-element_type=\"column\" data-e-type=\"column\">\n\t\t\t<div class=\"elementor-widget-wrap elementor-element-populated\">\n\t\t\t\t\t\t<section class=\"elementor-section elementor-inner-section elementor-element elementor-element-1209e9c elementor-section-boxed elementor-section-height-default elementor-section-height-default\" data-id=\"1209e9c\" data-element_type=\"section\" data-e-type=\"section\">\n\t\t\t\t\t\t<div class=\"elementor-container elementor-column-gap-default\">\n\t\t\t\t\t<div class=\"elementor-column elementor-col-50 elementor-inner-column elementor-element elementor-element-7108aee\" data-id=\"7108aee\" data-element_type=\"column\" data-e-type=\"column\">\n\t\t\t<div class=\"elementor-widget-wrap elementor-element-populated\">\n\t\t\t\t\t\t<div class=\"elementor-element elementor-element-3893ce4 elementor-widget elementor-widget-text-editor\" data-id=\"3893ce4\" data-element_type=\"widget\" data-e-type=\"widget\" data-widget_type=\"text-editor.default\">\n\t\t\t\t<div class=\"elementor-widget-container\">\n\t\t\t\t\t\t\t\t\t<p style=\"text-align: justify;\"><strong>Pour suivre votre dossier mutation INTRA LILLE 2026<\/strong><\/p><p style=\"text-align: justify;\">\u2022<strong>\u00a019 Mars 2026 8h<\/strong>: ouverture de la saisie des voeux sur Iprof-SIAM<br \/>\u2022<strong>\u00a003 avril 2026 12h: :<\/strong>\u00a0fermeture de la saisie des voeux sur Iprof-SIAM.<br \/>\u2022\u00a0<strong>\u00e0 partir du<\/strong>\u00a0<strong>07<\/strong>\u00a0<strong>avril 2026 8h<\/strong>\u00a0 : t\u00e9l\u00e9chargement par le demandeur du formulaire de confirmation de demande de mutation intra sur Iprof-SIAM.<br \/>\u2022<strong>\u00a015 avril 2026 23h59<\/strong>\u00a0: Date limite du d\u00e9p\u00f4t de la confirmation, apr\u00e8s l\u2019avoir \u00e9ventuellement corrig\u00e9e de mani\u00e8re manuscrite, sur la plateforme COLIBRIS\u00a0<a href=\"https:\/\/portail-lille.colibris.education.gouv.fr\/\" target=\"_blank\" rel=\"noopener\">https:\/\/portail-lille.colibris.education.gouv.fr\/<\/a>\u00a0en l\u2019accompagnant de toutes les pi\u00e8ces justificatives sous format num\u00e9rique au format PDF. Il n\u2019est pas n\u00e9cessaire que le chef d\u2019\u00e9tablissement compl\u00e8te et signe la page 4 (affectation en \u00e9ducation prioritaire). Le chef d\u2019\u00e9tablissement sera automatiquement destinataire d\u2019une information et d\u2019une copie du document.<br \/>\u2022<strong>\u00a010 avril 2026<\/strong><strong>\u00a0:\u00a0<\/strong>date limite d\u2019envoi des dossiers de demandes formul\u00e9es au titre du handicap et\/ou dossier m\u00e9dical pour enfant aupr\u00e8s du du M\u00e9decin Conseiller Technique de la Rectrice 144 rue Bavay B.P 709 59033 Lille cedex.<br \/>\u2022\u00a0<strong>30 avril 2026 12h<\/strong>\u00a0: publication des bar\u00e8mes v\u00e9rifi\u00e9s par le Rectorat sur IPROF-SIAM.<br \/>\u2022\u00a0<strong>12<\/strong>\u00a0<strong>mai 2026<\/strong>\u00a0<strong>12h<\/strong>\u00a0: date limite des demandes de rectification de bar\u00e8me exclusivement par l\u2019application Colibris\u00a0<a href=\"https:\/\/portail-lille.colibris.education.gouv.fr\/\" target=\"_blank\" rel=\"noopener\">https:\/\/portail-lille.colibris.education.gouv.fr\/<\/a>.<br \/>Envoyer un double \u00e0\u00a0<a href=\"mailto:corpo-lille@snepfsu.net\" target=\"_blank\" rel=\"noreferrer noopener\">corpo-lille@snepfsu.net<\/a><br \/><strong>\u2022 19 mai 2026<\/strong>\u00a0<strong>12h<\/strong>\u00a0: fin de la p\u00e9riode d\u2019affichage des bar\u00e8mes.<br \/>\u2022\u00a0<strong>29<\/strong>\u00a0<strong>mai 2026 minuit<\/strong>\u00a0: Apr\u00e8s fermeture des serveurs Iprof-SIAM, seules seront examin\u00e9es les demandes tardives, les modifications de demandes et les demandes d\u2019annulation r\u00e9pondant \u00e0 la condition suivante :<br \/>\u2013 \u00eatre justifi\u00e9es par l\u2019un des motifs exceptionnels mentionn\u00e9s ci-apr\u00e8s (1)<br \/>exclusivement par\u00a0<a href=\"https:\/\/www.ac-lille.fr\/dialogue-mouvement\" target=\"_blank\" rel=\"noopener\">https:\/\/www.ac-lille.fr\/dialogue-mouvement<\/a><br \/>Envoyer un double \u00e0\u00a0<a href=\"mailto:corpo-lille@snepfsu.net\" target=\"_blank\" rel=\"noreferrer noopener\">corpo-lille@snepfsu.net<\/a>.<\/p>\t\t\t\t\t\t\t\t<\/div>\n\t\t\t\t<\/div>\n\t\t\t\t\t<\/div>\n\t\t<\/div>\n\t\t\t\t<div class=\"elementor-column elementor-col-50 elementor-inner-column elementor-element elementor-element-a700071\" data-id=\"a700071\" data-element_type=\"column\" data-e-type=\"column\">\n\t\t\t<div class=\"elementor-widget-wrap elementor-element-populated\">\n\t\t\t\t\t\t<div class=\"elementor-element elementor-element-5c26afc elementor-widget elementor-widget-text-editor\" data-id=\"5c26afc\" data-element_type=\"widget\" data-e-type=\"widget\" data-widget_type=\"text-editor.default\">\n\t\t\t\t<div class=\"elementor-widget-container\">\n\t\t\t\t\t\t\t\t\t<p>\u2022<strong>\u00a004 juin 2026 12h<\/strong>\u00a0: r\u00e9sultats de la phase intra acad\u00e9mique sur Iprof-SIAM.<\/p><p><strong>Si vous \u00eates non mut\u00e9s ou mut\u00e9 sur un v\u0153u non formul\u00e9 en extension,<\/strong>\u00a0d\u00e9poser un recours administratif sur Colibris\u00a0<strong>jusqu\u2019au 04 ao\u00fbt 2026<\/strong>\u00a0avec l\u2019assistance du SNEP-FSU (pr\u00e9ciser le nom de la FSU et le nom du repr\u00e9sentant).<\/p><p><strong>Vous obtenez une mutation mais\u2026 vous obtenez un v\u0153u autre que le v\u0153u 1<\/strong>\u00a0: demandez des informations compl\u00e9mentaires aupr\u00e8s de l\u2019administration afin d\u2019avoir l\u2019assurance que votre situation a bien \u00e9t\u00e9 trait\u00e9e selon les r\u00e8gles et faites-vous accompagner par le SNEP-FSU\u00a0<a href=\"mailto:corpo-lille@snepfsu.net\" target=\"_blank\" rel=\"noreferrer noopener\" aria-label=\"corpo-lille@snepfsu.net (s\u2019ouvre dans un nouvel onglet)\">corpo-lille@snepfsu.net<\/a><\/p><p><strong>Vous avez un doute ou vous souhaitez faire appel de votre affectation ou du bar\u00e8me qui vous a \u00e9t\u00e9 attribu\u00e9<\/strong>\u00a0: contactez le SNEP-FSU Lille\u00a0<a href=\"mailto:corpo-lille@snepfsu.net\" target=\"_blank\" rel=\"noreferrer noopener\" aria-label=\"corpo-lille@snepfsu.net (s\u2019ouvre dans un nouvel onglet)\">corpo-lille@snepfsu.net<\/a><\/p>\t\t\t\t\t\t\t\t<\/div>\n\t\t\t\t<\/div>\n\t\t\t\t\t<\/div>\n\t\t<\/div>\n\t\t\t\t\t<\/div>\n\t\t<\/section>\n\t\t\t\t\t<\/div>\n\t\t<\/div>\n\t\t\t\t\t<\/div>\n\t\t<\/section>\n\t\t\t\t<\/div>\n\t\t","protected":false},"excerpt":{"rendered":"<p>Tout savoir sur l&rsquo;intra Comment le Snep-FSU peut-il m\u2019accompagner et assurer le suivi de ma demande de mutation ?Les infos<\/p>\n","protected":false},"author":2,"featured_media":0,"parent":2772,"menu_order":0,"comment_status":"closed","ping_status":"closed","template":"","meta":{"colormag_page_container_layout":"default_layout","colormag_page_sidebar_layout":"default_layout","_bbp_topic_count":0,"_bbp_reply_count":0,"_bbp_total_topic_count":0,"_bbp_total_reply_count":0,"_bbp_voice_count":0,"_bbp_anonymous_reply_count":0,"_bbp_topic_count_hidden":0,"_bbp_reply_count_hidden":0,"_bbp_forum_subforum_count":0,"footnotes":""},"class_list":["post-2548","page","type-page","status-publish","hentry"],"jetpack_sharing_enabled":true,"_links":{"self":[{"href":"https:\/\/www.snepfsu-lille.net\/wp\/wp-json\/wp\/v2\/pages\/2548","targetHints":{"allow":["GET"]}}],"collection":[{"href":"https:\/\/www.snepfsu-lille.net\/wp\/wp-json\/wp\/v2\/pages"}],"about":[{"href":"https:\/\/www.snepfsu-lille.net\/wp\/wp-json\/wp\/v2\/types\/page"}],"author":[{"embeddable":true,"href":"https:\/\/www.snepfsu-lille.net\/wp\/wp-json\/wp\/v2\/users\/2"}],"replies":[{"embeddable":true,"href":"https:\/\/www.snepfsu-lille.net\/wp\/wp-json\/wp\/v2\/comments?post=2548"}],"version-history":[{"count":250,"href":"https:\/\/www.snepfsu-lille.net\/wp\/wp-json\/wp\/v2\/pages\/2548\/revisions"}],"predecessor-version":[{"id":16709,"href":"https:\/\/www.snepfsu-lille.net\/wp\/wp-json\/wp\/v2\/pages\/2548\/revisions\/16709"}],"up":[{"embeddable":true,"href":"https:\/\/www.snepfsu-lille.net\/wp\/wp-json\/wp\/v2\/pages\/2772"}],"wp:attachment":[{"href":"https:\/\/www.snepfsu-lille.net\/wp\/wp-json\/wp\/v2\/media?parent=2548"}],"curies":[{"name":"wp","href":"https:\/\/api.w.org\/{rel}","templated":true}]}}