{"id":2745,"date":"2026-04-09T14:15:00","date_gmt":"2026-04-09T12:15:00","guid":{"rendered":"http:\/\/www.snepfsu-lille.net\/wp\/?page_id=2745"},"modified":"2026-04-09T17:11:03","modified_gmt":"2026-04-09T15:11:03","slug":"circulaires-rectorales","status":"publish","type":"page","link":"https:\/\/www.snepfsu-lille.net\/wp\/accueil-3\/circulaires-rectorales\/","title":{"rendered":"Circulaires rectorales et notes de service"},"content":{"rendered":"\r\n\r\n\r\n<ul class=\"wp-block-list\">\r\n<li><a href=\"https:\/\/www.snepfsu-lille.net\/wp\/wp-content\/uploads\/2026\/04\/Circulaire-amenagement-de-poste-de-travail-2026-2027.pdf\" target=\"_blank\" rel=\"noopener\">Circulaire dispositif am\u00e9nagement du poste de travail &#8211; Ann\u00e9e scolaire 2026-2027<\/a><\/li>\r\n<li><a href=\"https:\/\/www.snepfsu-lille.net\/wp\/wp-content\/uploads\/2026\/03\/CPF_Circulaire_2026-2027.pdf\" target=\"_blank\" rel=\"noopener\">Compte personnel de formation &#8211; Ann\u00e9e 2026-2027<\/a>, <a href=\"https:\/\/www.snepfsu-lille.net\/wp\/wp-content\/uploads\/2026\/03\/CPF_Circulaire_Annexe_Complements_2026-2027.pdf\" target=\"_blank\" rel=\"noopener\">Annexe<\/a>, <a href=\"https:\/\/www.snepfsu-lille.net\/wp\/wp-content\/uploads\/2026\/03\/FAQ_CPF.pdf\" target=\"_blank\" rel=\"noopener\">FAQ<\/a>, <a href=\"https:\/\/www.snepfsu-lille.net\/wp\/wp-content\/uploads\/2026\/03\/CPF_Formulaire_Concours.docx\" target=\"_blank\" rel=\"noopener\">Formulaire Concours<\/a><\/li>\r\n<li><a href=\"https:\/\/www.snepfsu-lille.net\/wp\/wp-content\/uploads\/2026\/03\/Circulaire-Acces-au-grade-de-la-classe-exceptionnelle-ENS-2D-Annee-2026.pdf\" target=\"_blank\" rel=\"noopener\">Acc\u00e8s \u00e0 la Classe Exceptionnelle (Agr\u00e9g\u00e9s, PEPS) &#8211; Ann\u00e9e 2026<\/a><\/li>\r\n<li><a href=\"https:\/\/www.snepfsu-lille.net\/wp\/wp-content\/uploads\/2026\/02\/Circulaire-Campagne-Promotion-a-la-Hors-Classe-Enseignants_-CPE_-PsyEN-2026.pdf\" target=\"_blank\" rel=\"noopener\">Acc\u00e8s au grade de la hors classe (PEPS, Agr\u00e9g\u00e9s) &#8211; Ann\u00e9e 2026<\/a><\/li>\r\n<li><a href=\"https:\/\/www.snepfsu-lille.net\/wp\/wp-content\/uploads\/2026\/01\/Acces-au-corps-des-professeurs-agreges-par-liste-daptitude-2026.pdf\" target=\"_blank\" rel=\"noopener\">Acc\u00e8s au corps des professeurs agr\u00e9g\u00e9s par liste d&rsquo;aptitude &#8211; Ann\u00e9e 2026<\/a><\/li>\r\n<li><a href=\"https:\/\/www.snepfsu-lille.net\/wp\/wp-content\/uploads\/2025\/12\/Circulaire-campagne-2025-Forfait-Mobilites-Durables-FMD.pdf\" target=\"_blank\" rel=\"noopener\">Circulaire Forfait Mobilit\u00e9 Durable 2025<\/a><\/li>\r\n<li><a href=\"https:\/\/www.snepfsu-lille.net\/wp\/wp-content\/uploads\/2025\/11\/Circulaire-controle-Supplement-familiale-de-traitement-SFT-2025-2026.pdf\" target=\"_blank\" rel=\"noopener\">Circulaire contr\u00f4le Suppl\u00e9ment familiale de traitement (SFT) 2025-2026<\/a> &#8211; <a href=\"https:\/\/www.snepfsu-lille.net\/wp\/wp-content\/uploads\/2025\/11\/SFT_Annexe1_choix_beneficiaire.pdf\" target=\"_blank\" rel=\"noopener\">Choix b\u00e9n\u00e9ficiaire<\/a><\/li>\r\n<li><a href=\"https:\/\/www.snepfsu-lille.net\/wp\/wp-content\/uploads\/2025\/12\/Circulaire-disponibilites-conge-de-non-activite-2026-2027.pdf\" target=\"_blank\" rel=\"noopener\">Disponibilit\u00e9s et cong\u00e9 de non activit\u00e9 pour raisons d&rsquo;\u00e9tudes pour l&rsquo;ann\u00e9e 2026-2027<\/a><\/li>\r\n<li><a href=\"https:\/\/www.snepfsu-lille.net\/wp\/wp-content\/uploads\/2025\/11\/Circulaire-Temps-Partiel-2026-2027.pdf\" target=\"_blank\" rel=\"noopener\">Circulaire demande de temps partiel pour l&rsquo;ann\u00e9e 2026-2027<\/a><\/li>\r\n<li><a href=\"https:\/\/www.snepfsu-lille.net\/wp\/wp-content\/uploads\/2025\/11\/Circulaire-CFP-2026-2027.pdf\" target=\"_blank\" rel=\"noopener\">Circulaire Cong\u00e9 formation professionnelle<\/a> &#8211; <a href=\"https:\/\/www.snepfsu-lille.net\/wp\/wp-content\/uploads\/2025\/11\/FAQ-CFP-2026-2027.pdf\" target=\"_blank\" rel=\"noopener\">FAQ<\/a> &#8211; <a href=\"https:\/\/www.snepfsu-lille.net\/wp\/wp-content\/uploads\/2025\/11\/Tableaux-recapitulatifs-CFP-2026-2027.pdf\" target=\"_blank\" rel=\"noopener\">Situation administrative CFP 2026-2027<\/a><\/li>\r\n<li><a href=\"https:\/\/www.snepfsu-lille.net\/wp\/wp-content\/uploads\/2025\/11\/Circulaire-postes-adaptes-et-allegements-de-service-2026-2027.pdf\" target=\"_blank\" rel=\"noopener\">Circulaire postes adapt\u00e9s et all\u00e8gements de service 2026-2027<\/a><\/li>\r\n<li>Caffa &#8211; Session 2026 &#8211; <a href=\"https:\/\/www.snepfsu-lille.net\/wp\/wp-content\/uploads\/2025\/10\/caffa-session-2026-circulaire-du-7-juillet-2025.pdf\" target=\"_blank\" rel=\"noopener\">circulaire<\/a> &#8211; <a href=\"https:\/\/www.snepfsu-lille.net\/wp\/wp-content\/uploads\/2025\/10\/Inscriptioncaffa-session-2025-2026.pdf\" target=\"_blank\" rel=\"noopener\">fiche d&rsquo;inscription<\/a><\/li>\r\n<li><a href=\"https:\/\/www.snepfsu-lille.net\/wp\/wp-content\/uploads\/2025\/09\/Campagne-RDVC-2024-25-Appreciation-finale-et-recours.pdf\" target=\"_blank\" rel=\"noopener\">Campagne RDVC 2024-2025 &#8211; Appr\u00e9ciation finale et recours<\/a><\/li>\r\n<li><a href=\"https:\/\/www.snepfsu-lille.net\/wp\/wp-content\/uploads\/2025\/09\/Circulaire-certification-complementaire-session-2026.pdf\" target=\"_blank\" rel=\"noopener\">Certification compl\u00e9mentaire &#8211; Session 2026<\/a> &#8211; <a href=\"https:\/\/www.snepfsu-lille.net\/wp\/wp-content\/uploads\/2025\/09\/certification-complementaire-inscription-session-2026.pdf\" target=\"_blank\" rel=\"noopener\">Inscription<\/a><\/li>\r\n<li><a href=\"https:\/\/www.snepfsu-lille.net\/wp\/wp-content\/uploads\/2025\/07\/Circulaire-Cumuls-2025-2026.pdf\" target=\"_blank\" rel=\"noopener\">Cumul d&rsquo;activit\u00e9s 2025-2026<\/a> &#8211; <a href=\"https:\/\/www.snepfsu-lille.net\/wp\/wp-content\/uploads\/2025\/07\/Annexe-1-liste-des-activites-2025-2026.pdf\" target=\"_blank\" rel=\"noopener\">Liste des activit\u00e9s 2025-2026 <\/a>&#8211; <a href=\"https:\/\/www.snepfsu-lille.net\/wp\/wp-content\/uploads\/2025\/07\/Annexe2_agent-2025-2026.pdf\" target=\"_blank\" rel=\"noopener\">M\u00e9mo agent<\/a> &#8211; <a href=\"https:\/\/www.snepfsu-lille.net\/wp\/wp-content\/uploads\/2025\/07\/Annexe3_SHD_2025-2026.pdf\" target=\"_blank\" rel=\"noopener\">M\u00e9mo chef de service<\/a><\/li>\r\n<\/ul>\r\n<p>&nbsp;<\/p>\r\n<ul>\r\n<li><a href=\"https:\/\/www.snepfsu-lille.net\/wp\/wp-content\/uploads\/2025\/07\/Circulaire-affectation-des-professeurs-stagiaires-rentree-scolaire-2025.pdf\" target=\"_blank\" rel=\"noopener\">Circulaire acad\u00e9mique Lille affectation stagiaires RS 2025<\/a><\/li>\r\n<li><a href=\"https:\/\/www.snepfsu-lille.net\/wp\/wp-content\/uploads\/2025\/03\/arrete-du-20-mars-2025-relatif-au-mouvement-intra-academique-2025.pdf\" target=\"_blank\" rel=\"noopener\">Arr\u00eat\u00e9 mouvement intra acad\u00e9mique Lille 2025<\/a><\/li>\r\n<li><a href=\"https:\/\/www.snepfsu-lille.net\/wp\/wp-content\/uploads\/2025\/03\/Circulaire_academique_frais_de_deplacement_2025.pdf\" target=\"_blank\" rel=\"noopener\">Circulaire acad\u00e9mique frais de d\u00e9placement 2025<\/a> et\u00a0<a href=\"https:\/\/www.snepfsu-lille.net\/wp\/wp-content\/uploads\/2025\/03\/Formulaire-de-demande-de-remboursement-carteTER-Hauts-de-France.pdf\" target=\"_blank\" rel=\"noopener\">Formulaire de demande de remboursement carte TER Hauts-de-France<\/a><\/li>\r\n<li><a href=\"https:\/\/www.snepfsu-lille.net\/wp\/wp-content\/uploads\/2025\/02\/principes_generaux_relatifs_aux_mesures_de_carte_scolaires-janvier-2025.pdf\" target=\"_blank\" rel=\"noopener\">Note de service acad\u00e9mie de Lille du 16 janvier 2025 : Principes g\u00e9n\u00e9raux relatifs aux mesures de carte scolaire<\/a><\/li>\r\n<li><a href=\"https:\/\/www.snepfsu-lille.net\/wp\/wp-content\/uploads\/2025\/03\/Circulaire-Conges-Bonifies-2025-2026.pdf\" target=\"_blank\" rel=\"noopener\">Cong\u00e9s bonifi\u00e9s 2025-2026<\/a> et <a href=\"https:\/\/www.snepfsu-lille.net\/wp\/wp-content\/uploads\/2025\/03\/Annexe-Circulaire-Conges-Bonifies-2025-2026.pdf\" target=\"_blank\" rel=\"noopener\">Annexe<\/a><\/li>\r\n<li><a href=\"https:\/\/www.snepfsu-lille.net\/wp\/wp-content\/uploads\/2024\/12\/circulaire_demande_de_rupture_conventionnelle-2024-2025.pdf\" target=\"_blank\" rel=\"noopener\">Demande de rupture conventionnelle 2024-2025<\/a><\/li>\r\n<li><a href=\"https:\/\/www.snepfsu-lille.net\/wp\/wp-content\/uploads\/2024\/11\/Arrete-mouvement-inter-academique-2025.pdf\" target=\"_blank\" rel=\"noopener\">Arr\u00eat\u00e9 mouvement inter acad\u00e9mique Lille 2025<\/a><\/li>\r\n<li><a href=\"https:\/\/www.snepfsu-lille.net\/wp\/wp-content\/uploads\/2024\/10\/Circulaire-Concours-des-personnels-enseignants-Session-2025.pdf\" target=\"_blank\" rel=\"noopener\">Concours des personnels enseignants \u2013 Session 2025<\/a><\/li>\r\n<li>Campagne des RDVC de carri\u00e8re 2024-2025 &#8211; <a href=\"https:\/\/www.snepfsu-lille.net\/wp\/wp-content\/uploads\/2024\/09\/Circulaire-lancement-campagne-RDVC-2024-2025.pdf\" target=\"_blank\" rel=\"noopener\">2nd degr\u00e9<\/a> &#8211; <a href=\"https:\/\/www.snepfsu-lille.net\/wp\/wp-content\/uploads\/2024\/09\/Circulaire-lancement-campagne-SUP-RDVC-2024-2025.pdf\" target=\"_blank\" rel=\"noopener\">Ens sup<\/a><\/li>\r\n<li><a href=\"https:\/\/www.snepfsu-lille.net\/wp\/wp-content\/uploads\/2024\/06\/Campagne-rdvc-2023-2024-fin-de-campagne-et-rattrapage-sept-2024.pdf\" target=\"_blank\" rel=\"noopener\">Campagne RDVC 2023-2024 fin de campagne et rattrapage sept 2024<\/a><\/li>\r\n<li><a href=\"https:\/\/www.snepfsu-lille.net\/wp\/wp-content\/uploads\/2024\/05\/Circulaire-retraite-progressive.pdf\" target=\"_blank\" rel=\"noopener\">Circulaire mise en \u0153uvre de la retraite progressive<\/a><\/li>\r\n<li><a href=\"https:\/\/www.snepfsu-lille.net\/wp\/wp-content\/uploads\/2024\/04\/Circulaire-VDHA-2024.pdf\" target=\"_blank\" rel=\"noopener\">Circulaire dispositif\u00a0VDHA<\/a><\/li>\r\n<li><a href=\"https:\/\/www.snepfsu-lille.net\/wp\/wp-content\/uploads\/2024\/02\/Circulaire-detachement-sortant-2024-2025-2.pdf\" target=\"_blank\" rel=\"noopener\">D\u00e9tachement des personnels enseignants second degr\u00e9, d\u2019\u00e9ducation et psychologues de l\u2019\u00e9ducation nationale aupr\u00e8s d\u2019une administration ou d\u2019un \u00e9tablissement public relevant de la fonction publique d\u2019\u00c9tat, territoriale ou hospitali\u00e8re, ou dans le monde associatif &#8211; Ann\u00e9e scolaire 2024-2025<\/a><\/li>\r\n<li><a href=\"https:\/\/www.snepfsu-lille.net\/wp\/wp-content\/uploads\/2024\/01\/Allocataire-IUFM_fiche_infos.pdf\" target=\"_blank\" rel=\"noopener\">Retraite et prise en compte de p\u00e9riodes d&rsquo;allocataire IUFM<\/a><\/li>\r\n<li><a href=\"https:\/\/www.snepfsu-lille.net\/wp\/wp-content\/uploads\/2023\/12\/Circulaire-campagne-retraite-2023-2024.pdf\" target=\"_blank\" rel=\"noopener\">Circulaire pr\u00e9paratoire \u00e0 la campagne retraites 2023-2024 (d\u00e9parts \u00e0 la retraite entre le 1er septembre 2024 et le 31 ao\u00fbt 2025)<\/a><\/li>\r\n<li><a href=\"https:\/\/www.snepfsu-lille.net\/wp\/wp-content\/uploads\/2023\/10\/Circulaire-Ouverture-Cappei-VAEP-Session-2024.pdf\" target=\"_blank\" rel=\"noopener\">Circulaire d&rsquo;ouverture Cappei VAEP 2024<\/a><\/li>\r\n<li><a href=\"https:\/\/www.snepfsu-lille.net\/wp\/wp-content\/uploads\/2022\/01\/Circulaire-ouverture-de-lexamen-CPLDS-2022-23.pdf\">Certificat de Professionnalisation en mati\u00e8re de Lutte Contre le D\u00e9crochage Scolaire (CPLDS) ouverte au titre de l&rsquo;ann\u00e9e 2022\/2023<\/a><\/li>\r\n<li><a href=\"https:\/\/www.snepfsu-lille.net\/wp\/wp-content\/uploads\/2021\/11\/Circulaire-remboursement-PSC-2021-22.pdf\">Circulaire remboursement partiel des cotisations de la PSC &#8211; Ann\u00e9e 2021-2022<\/a><\/li>\r\n<li><a href=\"https:\/\/www.snepfsu-lille.net\/wp\/wp-content\/uploads\/2021\/11\/Message-rectorat-campagne-recours-RDVC-2020-21.pdf\">Situation des personnels vuln\u00e9rables en p\u00e9riode COVID &#8211; Septembre 2021<\/a><\/li>\r\n<li><a href=\"https:\/\/www.snepfsu-lille.net\/wp\/wp-content\/uploads\/2021\/09\/Circulaire-VAEP-CAPPEI-2022.pdf\">Validation des Acquis de l&rsquo;Exp\u00e9rience Professionnelle Cappei 2022<\/a><\/li>\r\n<li><a href=\"https:\/\/www.snepfsu-lille.net\/wp\/wp-content\/uploads\/2020\/09\/Courrier-absence-de-service-fait.pdf\" target=\"_blank\" rel=\"noreferrer noopener\">Mise en \u0153uvre de la retenue sur salaire pour fait de gr\u00e8ve<\/a><\/li>\r\n<\/ul>\r\n\r\n\r\n\r\n<p>&nbsp;<\/p>\r\n","protected":false},"excerpt":{"rendered":"<p>Circulaire dispositif am\u00e9nagement du poste de travail &#8211; Ann\u00e9e scolaire 2026-2027 Compte personnel de formation &#8211; Ann\u00e9e 2026-2027, Annexe, FAQ,<\/p>\n","protected":false},"author":2,"featured_media":0,"parent":1548,"menu_order":0,"comment_status":"closed","ping_status":"closed","template":"","meta":{"colormag_page_container_layout":"default_layout","colormag_page_sidebar_layout":"default_layout","_bbp_topic_count":0,"_bbp_reply_count":0,"_bbp_total_topic_count":0,"_bbp_total_reply_count":0,"_bbp_voice_count":0,"_bbp_anonymous_reply_count":0,"_bbp_topic_count_hidden":0,"_bbp_reply_count_hidden":0,"_bbp_forum_subforum_count":0,"footnotes":""},"class_list":["post-2745","page","type-page","status-publish","hentry"],"jetpack_sharing_enabled":true,"_links":{"self":[{"href":"https:\/\/www.snepfsu-lille.net\/wp\/wp-json\/wp\/v2\/pages\/2745","targetHints":{"allow":["GET"]}}],"collection":[{"href":"https:\/\/www.snepfsu-lille.net\/wp\/wp-json\/wp\/v2\/pages"}],"about":[{"href":"https:\/\/www.snepfsu-lille.net\/wp\/wp-json\/wp\/v2\/types\/page"}],"author":[{"embeddable":true,"href":"https:\/\/www.snepfsu-lille.net\/wp\/wp-json\/wp\/v2\/users\/2"}],"replies":[{"embeddable":true,"href":"https:\/\/www.snepfsu-lille.net\/wp\/wp-json\/wp\/v2\/comments?post=2745"}],"version-history":[{"count":120,"href":"https:\/\/www.snepfsu-lille.net\/wp\/wp-json\/wp\/v2\/pages\/2745\/revisions"}],"predecessor-version":[{"id":16782,"href":"https:\/\/www.snepfsu-lille.net\/wp\/wp-json\/wp\/v2\/pages\/2745\/revisions\/16782"}],"up":[{"embeddable":true,"href":"https:\/\/www.snepfsu-lille.net\/wp\/wp-json\/wp\/v2\/pages\/1548"}],"wp:attachment":[{"href":"https:\/\/www.snepfsu-lille.net\/wp\/wp-json\/wp\/v2\/media?parent=2745"}],"curies":[{"name":"wp","href":"https:\/\/api.w.org\/{rel}","templated":true}]}}