{"id":4151,"date":"2026-03-11T23:22:03","date_gmt":"2026-03-11T22:22:03","guid":{"rendered":"http:\/\/www.snepfsu-lille.net\/wp\/?page_id=4151"},"modified":"2026-03-17T17:00:50","modified_gmt":"2026-03-17T16:00:50","slug":"barres-dentree","status":"publish","type":"page","link":"https:\/\/www.snepfsu-lille.net\/wp\/barres-dentree\/","title":{"rendered":"Barres d&rsquo;entr\u00e9e EPS"},"content":{"rendered":"\t\t<div data-elementor-type=\"wp-page\" data-elementor-id=\"4151\" class=\"elementor elementor-4151\">\n\t\t\t\t\t\t<section class=\"elementor-section elementor-top-section elementor-element elementor-element-658bd1c elementor-section-boxed elementor-section-height-default elementor-section-height-default\" data-id=\"658bd1c\" data-element_type=\"section\" data-e-type=\"section\">\n\t\t\t\t\t\t<div class=\"elementor-container elementor-column-gap-default\">\n\t\t\t\t\t<div class=\"elementor-column elementor-col-100 elementor-top-column elementor-element elementor-element-a54d825\" data-id=\"a54d825\" data-element_type=\"column\" data-e-type=\"column\">\n\t\t\t<div class=\"elementor-widget-wrap elementor-element-populated\">\n\t\t\t\t\t\t<div class=\"elementor-element elementor-element-23371d4 elementor-widget elementor-widget-text-editor\" data-id=\"23371d4\" data-element_type=\"widget\" data-e-type=\"widget\" data-widget_type=\"text-editor.default\">\n\t\t\t\t<div class=\"elementor-widget-container\">\n\t\t\t\t\t\t\t\t\t<p style=\"text-align: justify;\">Le gouvernement a remis en cause, au travers de la loi dite \u00ab de transformation de la Fonction publique \u00bb, le r\u00f4le et la place des \u00e9lu\u00b7es pour ce qui concerne tous les actes de gestion des personnels. Ainsi, le pouvoir a d\u00e9cid\u00e9 de placer les actes de gestion dans un rapport direct entre le demandeur de mutation et l\u2019administration. Les \u00e9lu\u00b7es ne sont plus destinataires des documents concernant l\u2019ensemble des demandeurs, ils et elles ne sont pas invit\u00e9\u00b7es \u00e0 si\u00e9ger tant en groupe de travail qu\u2019au sein des instances (CAP et FPM). <strong>Cette d\u00e9cision est scandaleuse car elle prive les personnels du droit de regard des \u00e9lu\u00b7es sur les projets de l\u2019administration.<\/strong> C\u2019est donc l\u2019opacit\u00e9 qui s\u2019organise, mais nous serons toujours \u00e0 vos c\u00f4t\u00e9s pour vous conseiller et aider dans cette nouvelle configuration.<\/p>\t\t\t\t\t\t\t\t<\/div>\n\t\t\t\t<\/div>\n\t\t\t\t\t<\/div>\n\t\t<\/div>\n\t\t\t\t\t<\/div>\n\t\t<\/section>\n\t\t\t\t<section class=\"elementor-section elementor-top-section elementor-element elementor-element-7693358d elementor-section-boxed elementor-section-height-default elementor-section-height-default\" data-id=\"7693358d\" data-element_type=\"section\" data-e-type=\"section\">\n\t\t\t\t\t\t<div class=\"elementor-container elementor-column-gap-default\">\n\t\t\t\t\t<div class=\"elementor-column elementor-col-100 elementor-top-column elementor-element elementor-element-507236cd\" data-id=\"507236cd\" data-element_type=\"column\" data-e-type=\"column\">\n\t\t\t<div class=\"elementor-widget-wrap elementor-element-populated\">\n\t\t\t\t\t\t<div class=\"elementor-element elementor-element-58422c0d elementor-widget elementor-widget-text-editor\" data-id=\"58422c0d\" data-element_type=\"widget\" data-e-type=\"widget\" data-widget_type=\"text-editor.default\">\n\t\t\t\t<div class=\"elementor-widget-container\">\n\t\t\t\t\t\t\t\t\t\n<figure class=\"wp-block-table is-style-regular\">\n<table class=\"has-fixed-layout\" style=\"height: 287px;\" width=\"228\">\n<tbody>\n<tr>\n<td class=\"has-text-align-center\" data-align=\"center\">\n<p style=\"text-align: center;\"><strong>Inter<\/strong><br \/><br \/><strong><a href=\"https:\/\/lesite.snepfsu.fr\/ma-carriere\/mutations\/mutations-inter\/barres-dentree-2019-a-2026\/\" target=\"_blank\" rel=\"noopener\">Bar\u00e8me du dernier mut\u00e9<\/a>, <\/strong><\/p>\n<p style=\"text-align: center;\"><strong><a href=\"https:\/\/lesite.snepfsu.fr\/ma-carriere\/mutations\/mutations-inter\/entrants-inter-2019-a-2026\/\" target=\"_blank\" rel=\"noopener\">nombres d&rsquo;entrants<\/a> <\/strong><br \/><strong>par acad\u00e9mie<\/strong><\/p>\n<\/td>\n<td class=\"has-text-align-center\" style=\"text-align: center;\" data-align=\"center\"><strong>Intra<\/strong><br \/><br \/><img decoding=\"async\" width=\"100\" height=\"65\" class=\"wp-image-4215\" style=\"width: 100px;\" src=\"https:\/\/www.snepfsu-lille.net\/wp\/wp-content\/uploads\/2020\/02\/bareme_entrant.jpg\" alt=\"\" \/><br \/><a href=\"https:\/\/www.snepfsu-lille.net\/wp\/wp-content\/uploads\/2021\/12\/Barres-EPS-inter-et-intra-2020.pdf\">Bar\u00e8me du dernier mut\u00e9, par d\u00e9partement<\/a><\/td>\n<\/tr>\n<\/tbody>\n<\/table>\n<\/figure>\n\t\t\t\t\t\t\t\t<\/div>\n\t\t\t\t<\/div>\n\t\t\t\t\t<\/div>\n\t\t<\/div>\n\t\t\t\t\t<\/div>\n\t\t<\/section>\n\t\t\t\t<\/div>\n\t\t","protected":false},"excerpt":{"rendered":"<p>Le gouvernement a remis en cause, au travers de la loi dite \u00ab de transformation de la Fonction publique \u00bb,<\/p>\n","protected":false},"author":2,"featured_media":0,"parent":0,"menu_order":0,"comment_status":"closed","ping_status":"closed","template":"","meta":{"colormag_page_container_layout":"default_layout","colormag_page_sidebar_layout":"default_layout","_bbp_topic_count":0,"_bbp_reply_count":0,"_bbp_total_topic_count":0,"_bbp_total_reply_count":0,"_bbp_voice_count":0,"_bbp_anonymous_reply_count":0,"_bbp_topic_count_hidden":0,"_bbp_reply_count_hidden":0,"_bbp_forum_subforum_count":0,"footnotes":""},"class_list":["post-4151","page","type-page","status-publish","hentry"],"jetpack_sharing_enabled":true,"_links":{"self":[{"href":"https:\/\/www.snepfsu-lille.net\/wp\/wp-json\/wp\/v2\/pages\/4151","targetHints":{"allow":["GET"]}}],"collection":[{"href":"https:\/\/www.snepfsu-lille.net\/wp\/wp-json\/wp\/v2\/pages"}],"about":[{"href":"https:\/\/www.snepfsu-lille.net\/wp\/wp-json\/wp\/v2\/types\/page"}],"author":[{"embeddable":true,"href":"https:\/\/www.snepfsu-lille.net\/wp\/wp-json\/wp\/v2\/users\/2"}],"replies":[{"embeddable":true,"href":"https:\/\/www.snepfsu-lille.net\/wp\/wp-json\/wp\/v2\/comments?post=4151"}],"version-history":[{"count":31,"href":"https:\/\/www.snepfsu-lille.net\/wp\/wp-json\/wp\/v2\/pages\/4151\/revisions"}],"predecessor-version":[{"id":16533,"href":"https:\/\/www.snepfsu-lille.net\/wp\/wp-json\/wp\/v2\/pages\/4151\/revisions\/16533"}],"wp:attachment":[{"href":"https:\/\/www.snepfsu-lille.net\/wp\/wp-json\/wp\/v2\/media?parent=4151"}],"curies":[{"name":"wp","href":"https:\/\/api.w.org\/{rel}","templated":true}]}}