{"id":5068,"date":"2024-11-21T17:33:40","date_gmt":"2024-11-21T16:33:40","guid":{"rendered":"http:\/\/www.snepfsu-lille.net\/wp\/?page_id=5068"},"modified":"2024-12-01T19:40:23","modified_gmt":"2024-12-01T18:40:23","slug":"acces-a-la-hors-classe-agrege","status":"publish","type":"page","link":"https:\/\/www.snepfsu-lille.net\/wp\/corpo\/titulaires\/agrege-eps\/acces-a-la-hors-classe-agrege\/","title":{"rendered":"Cong\u00e9 de Formation Professionnelle agr\u00e9g\u00e9"},"content":{"rendered":"\r\n<div class=\"wp-block-columns is-layout-flex wp-container-core-columns-is-layout-28f84493 wp-block-columns-is-layout-flex\">\r\n<div class=\"wp-block-column is-layout-flow wp-block-column-is-layout-flow\">\r\n<p><strong>Ann\u00e9e 2024-25<\/strong><\/p>\r\n<p style=\"text-align: justify;\"><strong>Il faut rappeler que dor\u00e9navant en l\u2019absence de CAP, seul le rectorat d\u00e9cide de l\u2019obtention du cong\u00e9 de formation professionnelle en toute opacit\u00e9 !<\/strong><br \/>Il n\u2019est pas acceptable que la rectrice n\u2019ait pas \u00e0 rendre compte des d\u00e9cisions prises. <br \/>Il faut demander la plus grande transparence sur ces op\u00e9rations.<br \/>Nous invitons donc chacun, chacune \u00e0 demander au rectorat le contingent de CFP, leur classement qui a \u00e9t\u00e9 retenu, leur avis.<br \/>Mettez en copie le <a href=\"mailto:corpo-lille@snepfsu.net\" target=\"_blank\" rel=\"noopener\">SNEP-FSU acad\u00e9mique<\/a> vos d\u00e9marches pour que nous puissions continuer d\u2019intervenir sur cette question, pour nous permettre d\u2019obtenir le retour des commissions paritaires, seul gage de transparence dans les op\u00e9rations de carri\u00e8re et de mobilit\u00e9.<\/p>\r\n<p class=\"has-text-align-center\"><strong>Pour tout savoir<\/strong><\/p>\r\n\r\n\r\n\r\n<div class=\"wp-block-group\">\r\n<div class=\"wp-block-group__inner-container is-layout-flow wp-block-group-is-layout-flow\">\r\n<p class=\"has-text-align-center\">Circulaire rectorale : <br \/><a href=\"https:\/\/www.snepfsu-lille.net\/wp\/wp-content\/uploads\/2024\/12\/Circulaire-CFP-2025-2026.pdf\" target=\"_blank\" rel=\"noopener\">Cong\u00e9 formation professionnelle<\/a>\u00a0\u2013 <a href=\"https:\/\/www.snepfsu-lille.net\/wp\/wp-content\/uploads\/2024\/12\/FAQ-CFP-2025-2026.pdf\" target=\"_blank\" rel=\"noopener\">FAQ<\/a> \u2013 <a href=\"https:\/\/www.snepfsu-lille.net\/wp\/wp-content\/uploads\/2024\/12\/Tableaux-recapitulatifs-CFP-2025-2026.pdf\" target=\"_blank\" rel=\"noopener\">Situation administrative CFP 2025-2026<\/a><\/p>\r\n<p class=\"has-text-align-center\">\u00a0<\/p>\r\n<\/div>\r\n<\/div>\r\n<\/div>\r\n\r\n\r\n\r\n<div class=\"wp-block-column is-layout-flow wp-block-column-is-layout-flow\">\r\n<p class=\"has-text-align-center\"><strong>Compte rendu CAPA<\/strong><\/p>\r\n\r\n\r\n\r\n<p class=\"has-text-align-center\"><img decoding=\"async\" width=\"100\" height=\"81\" class=\"wp-image-4167\" style=\"width: 100px;\" src=\"https:\/\/www.snepfsu-lille.net\/wp\/wp-content\/uploads\/2020\/02\/reunion.jpg\" alt=\"\" \/><\/p>\r\n\r\n\r\n\r\n<p class=\"has-text-align-center\"><a href=\"https:\/\/www.snepfsu-lille.net\/wp\/compte-rendu-capa-cfp-agrege-annee-2019-20\/\" target=\"_blank\" rel=\"noreferrer noopener\">Ann\u00e9e 2019 &#8211; 2020<\/a><br \/><a href=\"https:\/\/www.snepfsu-lille.net\/wp\/compte-rendu-capa-cfp-agrege-annee-2018-19\/\" target=\"_blank\" rel=\"noreferrer noopener\">Ann\u00e9e 2018 &#8211; 2019<\/a><\/p>\r\n<\/div>\r\n<\/div>\r\n","protected":false},"excerpt":{"rendered":"<p>Ann\u00e9e 2024-25 Il faut rappeler que dor\u00e9navant en l\u2019absence de CAP, seul le rectorat d\u00e9cide de l\u2019obtention du cong\u00e9 de<\/p>\n","protected":false},"author":2,"featured_media":0,"parent":2507,"menu_order":0,"comment_status":"closed","ping_status":"closed","template":"","meta":{"colormag_page_container_layout":"default_layout","colormag_page_sidebar_layout":"default_layout","_bbp_topic_count":0,"_bbp_reply_count":0,"_bbp_total_topic_count":0,"_bbp_total_reply_count":0,"_bbp_voice_count":0,"_bbp_anonymous_reply_count":0,"_bbp_topic_count_hidden":0,"_bbp_reply_count_hidden":0,"_bbp_forum_subforum_count":0,"footnotes":""},"class_list":["post-5068","page","type-page","status-publish","hentry"],"jetpack_sharing_enabled":true,"_links":{"self":[{"href":"https:\/\/www.snepfsu-lille.net\/wp\/wp-json\/wp\/v2\/pages\/5068","targetHints":{"allow":["GET"]}}],"collection":[{"href":"https:\/\/www.snepfsu-lille.net\/wp\/wp-json\/wp\/v2\/pages"}],"about":[{"href":"https:\/\/www.snepfsu-lille.net\/wp\/wp-json\/wp\/v2\/types\/page"}],"author":[{"embeddable":true,"href":"https:\/\/www.snepfsu-lille.net\/wp\/wp-json\/wp\/v2\/users\/2"}],"replies":[{"embeddable":true,"href":"https:\/\/www.snepfsu-lille.net\/wp\/wp-json\/wp\/v2\/comments?post=5068"}],"version-history":[{"count":4,"href":"https:\/\/www.snepfsu-lille.net\/wp\/wp-json\/wp\/v2\/pages\/5068\/revisions"}],"predecessor-version":[{"id":14563,"href":"https:\/\/www.snepfsu-lille.net\/wp\/wp-json\/wp\/v2\/pages\/5068\/revisions\/14563"}],"up":[{"embeddable":true,"href":"https:\/\/www.snepfsu-lille.net\/wp\/wp-json\/wp\/v2\/pages\/2507"}],"wp:attachment":[{"href":"https:\/\/www.snepfsu-lille.net\/wp\/wp-json\/wp\/v2\/media?parent=5068"}],"curies":[{"name":"wp","href":"https:\/\/api.w.org\/{rel}","templated":true}]}}