{"id":8867,"date":"2026-04-02T13:05:44","date_gmt":"2026-04-02T11:05:44","guid":{"rendered":"http:\/\/www.snepfsu-lille.net\/wp\/?page_id=8867"},"modified":"2026-04-02T14:09:43","modified_gmt":"2026-04-02T12:09:43","slug":"tout-sur-lintra-pour-les-syndiques","status":"publish","type":"page","link":"https:\/\/www.snepfsu-lille.net\/wp\/accueil-3\/tout-sur-lintra-pour-les-syndiques\/","title":{"rendered":"Tout sur l&rsquo;intra pour les syndiqu\u00e9s"},"content":{"rendered":"\t\t<div data-elementor-type=\"wp-page\" data-elementor-id=\"8867\" class=\"elementor elementor-8867\">\n\t\t\t\t\t\t<section class=\"elementor-section elementor-top-section elementor-element elementor-element-25aefa8 elementor-section-boxed elementor-section-height-default elementor-section-height-default\" data-id=\"25aefa8\" data-element_type=\"section\" data-e-type=\"section\">\n\t\t\t\t\t\t<div class=\"elementor-container elementor-column-gap-default\">\n\t\t\t\t\t<div class=\"elementor-column elementor-col-33 elementor-top-column elementor-element elementor-element-6942943\" data-id=\"6942943\" data-element_type=\"column\" data-e-type=\"column\">\n\t\t\t<div class=\"elementor-widget-wrap elementor-element-populated\">\n\t\t\t\t\t\t<div class=\"elementor-element elementor-element-d32fef7 elementor-widget elementor-widget-heading\" data-id=\"d32fef7\" data-element_type=\"widget\" data-e-type=\"widget\" data-widget_type=\"heading.default\">\n\t\t\t\t<div class=\"elementor-widget-container\">\n\t\t\t\t\t<h2 class=\"elementor-heading-title elementor-size-medium\">Nouveaut\u00e9s Intra 2026<\/h2>\t\t\t\t<\/div>\n\t\t\t\t<\/div>\n\t\t\t\t<div class=\"elementor-element elementor-element-b8d162a elementor-widget elementor-widget-heading\" data-id=\"b8d162a\" data-element_type=\"widget\" data-e-type=\"widget\" data-widget_type=\"heading.default\">\n\t\t\t\t<div class=\"elementor-widget-container\">\n\t\t\t\t\t<h2 class=\"elementor-heading-title elementor-size-small\">Mise \u00e0 jour le 19 mars 2026<\/h2>\t\t\t\t<\/div>\n\t\t\t\t<\/div>\n\t\t\t\t<div class=\"elementor-element elementor-element-0a10363 elementor-invisible elementor-widget elementor-widget-text-editor\" data-id=\"0a10363\" data-element_type=\"widget\" data-e-type=\"widget\" data-settings=\"{&quot;_animation&quot;:&quot;zoomIn&quot;}\" data-widget_type=\"text-editor.default\">\n\t\t\t\t<div class=\"elementor-widget-container\">\n\t\t\t\t\t\t\t\t\t<div class=\"p-like-f mt-30 crayon article-chapo-6249 \"><p style=\"text-align: center;\"><b>Aucune nouveaut\u00e9 par rapport au mouvement intra 2025<\/b><\/p><\/div>\t\t\t\t\t\t\t\t<\/div>\n\t\t\t\t<\/div>\n\t\t\t\t\t<\/div>\n\t\t<\/div>\n\t\t\t\t<div class=\"elementor-column elementor-col-33 elementor-top-column elementor-element elementor-element-ff7764b\" data-id=\"ff7764b\" data-element_type=\"column\" data-e-type=\"column\">\n\t\t\t<div class=\"elementor-widget-wrap elementor-element-populated\">\n\t\t\t\t\t\t<div class=\"elementor-element elementor-element-59747fa elementor-widget elementor-widget-heading\" data-id=\"59747fa\" data-element_type=\"widget\" data-e-type=\"widget\" data-widget_type=\"heading.default\">\n\t\t\t\t<div class=\"elementor-widget-container\">\n\t\t\t\t\t<h2 class=\"elementor-heading-title elementor-size-medium\">Bulletins Intra 2026<\/h2>\t\t\t\t<\/div>\n\t\t\t\t<\/div>\n\t\t\t\t<div class=\"elementor-element elementor-element-092a100 elementor-invisible elementor-widget elementor-widget-image\" data-id=\"092a100\" data-element_type=\"widget\" data-e-type=\"widget\" data-settings=\"{&quot;_animation&quot;:&quot;bounceIn&quot;}\" data-widget_type=\"image.default\">\n\t\t\t\t<div class=\"elementor-widget-container\">\n\t\t\t\t\t\t\t\t\t\t\t\t\t\t\t\t<a href=\"https:\/\/www.snepfsu-lille.net\/wp\/adherent\/bulletins-intra-lille\/\" target=\"_blank\">\n\t\t\t\t\t\t\t<img decoding=\"async\" src=\"https:\/\/www.snepfsu-lille.net\/wp\/wp-content\/uploads\/elementor\/thumbs\/bulletin-SNESP-FSU-LILLE-Intra-2026-rkzs5ys4aazn3b2m6kg2bii9wkf3dktofn9oq83dxs.jpg\" title=\"bulletin SNESP-FSU LILLE Intra 2026\" alt=\"bulletin SNESP-FSU LILLE Intra 2026\" class=\"elementor-animation-grow-rotate\" loading=\"lazy\" \/>\t\t\t\t\t\t\t\t<\/a>\n\t\t\t\t\t\t\t\t\t\t\t\t\t\t\t<\/div>\n\t\t\t\t<\/div>\n\t\t\t\t\t<\/div>\n\t\t<\/div>\n\t\t\t\t<div class=\"elementor-column elementor-col-33 elementor-top-column elementor-element elementor-element-7f802d3\" data-id=\"7f802d3\" data-element_type=\"column\" data-e-type=\"column\">\n\t\t\t<div class=\"elementor-widget-wrap elementor-element-populated\">\n\t\t\t\t\t\t<div class=\"elementor-element elementor-element-8835199 elementor-widget elementor-widget-heading\" data-id=\"8835199\" data-element_type=\"widget\" data-e-type=\"widget\" data-widget_type=\"heading.default\">\n\t\t\t\t<div class=\"elementor-widget-container\">\n\t\t\t\t\t<h2 class=\"elementor-heading-title elementor-size-medium\">Intra 2026 : Tzr ou pas ?<\/h2>\t\t\t\t<\/div>\n\t\t\t\t<\/div>\n\t\t\t\t<div class=\"elementor-element elementor-element-091a4c1 elementor-widget elementor-widget-heading\" data-id=\"091a4c1\" data-element_type=\"widget\" data-e-type=\"widget\" data-widget_type=\"heading.default\">\n\t\t\t\t<div class=\"elementor-widget-container\">\n\t\t\t\t\t<h2 class=\"elementor-heading-title elementor-size-small\">Mise \u00e0 jour le 20 mars 2026<\/h2>\t\t\t\t<\/div>\n\t\t\t\t<\/div>\n\t\t\t\t<div class=\"elementor-element elementor-element-c4bda24 elementor-invisible elementor-widget elementor-widget-image\" data-id=\"c4bda24\" data-element_type=\"widget\" data-e-type=\"widget\" data-settings=\"{&quot;_animation&quot;:&quot;bounceIn&quot;}\" data-widget_type=\"image.default\">\n\t\t\t\t<div class=\"elementor-widget-container\">\n\t\t\t\t\t\t\t\t\t\t\t\t\t\t\t\t<a href=\"https:\/\/www.snepfsu-lille.net\/wp\/adherent\/tableau-comparatif-entrants-postes-vacants\/\" target=\"_blank\">\n\t\t\t\t\t\t\t<img decoding=\"async\" width=\"150\" height=\"150\" src=\"https:\/\/www.snepfsu-lille.net\/wp\/wp-content\/uploads\/2022\/02\/question-150x150.jpg\" class=\"elementor-animation-grow-rotate attachment-thumbnail size-thumbnail wp-image-8917\" alt=\"\" srcset=\"https:\/\/www.snepfsu-lille.net\/wp\/wp-content\/uploads\/2022\/02\/elementor\/thumbs\/question-pjzpb5nwx6c25w3349jjlvleb6cz0ff2vlne5jcqcc.jpg 150w, https:\/\/www.snepfsu-lille.net\/wp\/wp-content\/uploads\/2022\/02\/question.jpg 253w\" sizes=\"(max-width: 150px) 100vw, 150px\" \/>\t\t\t\t\t\t\t\t<\/a>\n\t\t\t\t\t\t\t\t\t\t\t\t\t\t\t<\/div>\n\t\t\t\t<\/div>\n\t\t\t\t\t<\/div>\n\t\t<\/div>\n\t\t\t\t\t<\/div>\n\t\t<\/section>\n\t\t\t\t<section class=\"elementor-section elementor-top-section elementor-element elementor-element-201da25 elementor-section-boxed elementor-section-height-default elementor-section-height-default\" data-id=\"201da25\" data-element_type=\"section\" data-e-type=\"section\">\n\t\t\t\t\t\t<div class=\"elementor-container elementor-column-gap-default\">\n\t\t\t\t\t<div class=\"elementor-column elementor-col-33 elementor-top-column elementor-element elementor-element-d1b2e34\" data-id=\"d1b2e34\" data-element_type=\"column\" data-e-type=\"column\">\n\t\t\t<div class=\"elementor-widget-wrap elementor-element-populated\">\n\t\t\t\t\t\t<div class=\"elementor-element elementor-element-36c1cab elementor-widget elementor-widget-heading\" data-id=\"36c1cab\" data-element_type=\"widget\" data-e-type=\"widget\" data-widget_type=\"heading.default\">\n\t\t\t\t<div class=\"elementor-widget-container\">\n\t\t\t\t\t<h2 class=\"elementor-heading-title elementor-size-medium\">Postes EPS vacants Intra 2026<\/h2>\t\t\t\t<\/div>\n\t\t\t\t<\/div>\n\t\t\t\t<div class=\"elementor-element elementor-element-67532e5 elementor-widget elementor-widget-heading\" data-id=\"67532e5\" data-element_type=\"widget\" data-e-type=\"widget\" data-widget_type=\"heading.default\">\n\t\t\t\t<div class=\"elementor-widget-container\">\n\t\t\t\t\t<h2 class=\"elementor-heading-title elementor-size-small\">Mise \u00e0 jour le 02 avril 2026<\/h2>\t\t\t\t<\/div>\n\t\t\t\t<\/div>\n\t\t\t\t<div class=\"elementor-element elementor-element-5a6dd61 elementor-invisible elementor-widget elementor-widget-image\" data-id=\"5a6dd61\" data-element_type=\"widget\" data-e-type=\"widget\" data-settings=\"{&quot;_animation&quot;:&quot;bounceIn&quot;}\" data-widget_type=\"image.default\">\n\t\t\t\t<div class=\"elementor-widget-container\">\n\t\t\t\t\t\t\t\t\t\t\t\t\t\t\t\t<a href=\"https:\/\/www.snepfsu-lille.net\/wp\/adherent\/postes-vacants-et-liberes-a-linter-mis-au-mouvement-intra-2026\/\" target=\"_blank\">\n\t\t\t\t\t\t\t<img decoding=\"async\" width=\"150\" height=\"150\" src=\"https:\/\/www.snepfsu-lille.net\/wp\/wp-content\/uploads\/2022\/02\/chaise-150x150.jpg\" class=\"elementor-animation-grow-rotate attachment-thumbnail size-thumbnail wp-image-8918\" alt=\"\" \/>\t\t\t\t\t\t\t\t<\/a>\n\t\t\t\t\t\t\t\t\t\t\t\t\t\t\t<\/div>\n\t\t\t\t<\/div>\n\t\t\t\t\t<\/div>\n\t\t<\/div>\n\t\t\t\t<div class=\"elementor-column elementor-col-33 elementor-top-column elementor-element elementor-element-a7c5f51\" data-id=\"a7c5f51\" data-element_type=\"column\" data-e-type=\"column\">\n\t\t\t<div class=\"elementor-widget-wrap elementor-element-populated\">\n\t\t\t\t\t\t<div class=\"elementor-element elementor-element-9bb7626 elementor-widget elementor-widget-heading\" data-id=\"9bb7626\" data-element_type=\"widget\" data-e-type=\"widget\" data-widget_type=\"heading.default\">\n\t\t\t\t<div class=\"elementor-widget-container\">\n\t\t\t\t\t<h2 class=\"elementor-heading-title elementor-size-medium\">Bar\u00e8me intra Lille 2026<\/h2>\t\t\t\t<\/div>\n\t\t\t\t<\/div>\n\t\t\t\t<div class=\"elementor-element elementor-element-53768f5 elementor-invisible elementor-widget elementor-widget-image\" data-id=\"53768f5\" data-element_type=\"widget\" data-e-type=\"widget\" data-settings=\"{&quot;_animation&quot;:&quot;bounceIn&quot;}\" data-widget_type=\"image.default\">\n\t\t\t\t<div class=\"elementor-widget-container\">\n\t\t\t\t\t\t\t\t\t\t\t\t\t\t\t\t<a href=\"https:\/\/www.snepfsu-lille.net\/wp\/wp-content\/uploads\/2026\/03\/Bareme-intra-LILLE-2026.pdf\" target=\"_blank\">\n\t\t\t\t\t\t\t<img decoding=\"async\" width=\"143\" height=\"95\" src=\"https:\/\/www.snepfsu-lille.net\/wp\/wp-content\/uploads\/2020\/11\/mots2.png\" class=\"elementor-animation-grow-rotate attachment-medium size-medium wp-image-5666\" alt=\"\" \/>\t\t\t\t\t\t\t\t<\/a>\n\t\t\t\t\t\t\t\t\t\t\t\t\t\t\t<\/div>\n\t\t\t\t<\/div>\n\t\t\t\t\t<\/div>\n\t\t<\/div>\n\t\t\t\t<div class=\"elementor-column elementor-col-33 elementor-top-column elementor-element elementor-element-2116442\" data-id=\"2116442\" data-element_type=\"column\" data-e-type=\"column\">\n\t\t\t<div class=\"elementor-widget-wrap elementor-element-populated\">\n\t\t\t\t\t\t<div class=\"elementor-element elementor-element-8060e81 elementor-widget elementor-widget-heading\" data-id=\"8060e81\" data-element_type=\"widget\" data-e-type=\"widget\" data-widget_type=\"heading.default\">\n\t\t\t\t<div class=\"elementor-widget-container\">\n\t\t\t\t\t<h2 class=\"elementor-heading-title elementor-size-medium\">Barres intra Lille<\/h2>\t\t\t\t<\/div>\n\t\t\t\t<\/div>\n\t\t\t\t<div class=\"elementor-element elementor-element-546232c elementor-invisible elementor-widget elementor-widget-image\" data-id=\"546232c\" data-element_type=\"widget\" data-e-type=\"widget\" data-settings=\"{&quot;_animation&quot;:&quot;bounceIn&quot;}\" data-widget_type=\"image.default\">\n\t\t\t\t<div class=\"elementor-widget-container\">\n\t\t\t\t\t\t\t\t\t\t\t\t\t\t\t\t<a href=\"https:\/\/www.snepfsu-lille.net\/wp\/adherent\/barres-intra-lille\/\" target=\"_blank\">\n\t\t\t\t\t\t\t<img loading=\"lazy\" decoding=\"async\" width=\"300\" height=\"216\" src=\"https:\/\/www.snepfsu-lille.net\/wp\/wp-content\/uploads\/2019\/12\/carte_npc-300x216.jpg\" class=\"elementor-animation-grow-rotate attachment-medium size-medium wp-image-3103\" alt=\"\" srcset=\"https:\/\/www.snepfsu-lille.net\/wp\/wp-content\/uploads\/2019\/12\/carte_npc-300x216.jpg 300w, https:\/\/www.snepfsu-lille.net\/wp\/wp-content\/uploads\/2019\/12\/carte_npc-1024x737.jpg 1024w, https:\/\/www.snepfsu-lille.net\/wp\/wp-content\/uploads\/2019\/12\/carte_npc-768x553.jpg 768w, https:\/\/www.snepfsu-lille.net\/wp\/wp-content\/uploads\/2019\/12\/carte_npc.jpg 1184w\" sizes=\"(max-width: 300px) 100vw, 300px\" \/>\t\t\t\t\t\t\t\t<\/a>\n\t\t\t\t\t\t\t\t\t\t\t\t\t\t\t<\/div>\n\t\t\t\t<\/div>\n\t\t\t\t\t<\/div>\n\t\t<\/div>\n\t\t\t\t\t<\/div>\n\t\t<\/section>\n\t\t\t\t<section class=\"elementor-section elementor-top-section elementor-element elementor-element-39aa7c4 elementor-section-boxed elementor-section-height-default elementor-section-height-default\" data-id=\"39aa7c4\" data-element_type=\"section\" data-e-type=\"section\">\n\t\t\t\t\t\t<div class=\"elementor-container elementor-column-gap-default\">\n\t\t\t\t\t<div class=\"elementor-column elementor-col-50 elementor-top-column elementor-element elementor-element-a0be8b5\" data-id=\"a0be8b5\" data-element_type=\"column\" data-e-type=\"column\">\n\t\t\t<div class=\"elementor-widget-wrap elementor-element-populated\">\n\t\t\t\t\t\t<div class=\"elementor-element elementor-element-7ff8c37 elementor-widget elementor-widget-heading\" data-id=\"7ff8c37\" data-element_type=\"widget\" data-e-type=\"widget\" data-widget_type=\"heading.default\">\n\t\t\t\t<div class=\"elementor-widget-container\">\n\t\t\t\t\t<h2 class=\"elementor-heading-title elementor-size-small\">Liste des \u00e9tablissements (dont Education Prioritaire)\n<\/h2>\t\t\t\t<\/div>\n\t\t\t\t<\/div>\n\t\t\t\t<div class=\"elementor-element elementor-element-ee08301 elementor-widget elementor-widget-heading\" data-id=\"ee08301\" data-element_type=\"widget\" data-e-type=\"widget\" data-widget_type=\"heading.default\">\n\t\t\t\t<div class=\"elementor-widget-container\">\n\t\t\t\t\t<h2 class=\"elementor-heading-title elementor-size-small\">Groupes  de communes - ZR<\/h2>\t\t\t\t<\/div>\n\t\t\t\t<\/div>\n\t\t\t\t<div class=\"elementor-element elementor-element-6b605f8 elementor-widget elementor-widget-heading\" data-id=\"6b605f8\" data-element_type=\"widget\" data-e-type=\"widget\" data-widget_type=\"heading.default\">\n\t\t\t\t<div class=\"elementor-widget-container\">\n\t\t\t\t\t<h2 class=\"elementor-heading-title elementor-size-small\">Liste des postes EPS sp\u00e9cifiques intra<\/h2>\t\t\t\t<\/div>\n\t\t\t\t<\/div>\n\t\t\t\t<div class=\"elementor-element elementor-element-098f41c elementor-widget elementor-widget-heading\" data-id=\"098f41c\" data-element_type=\"widget\" data-e-type=\"widget\" data-widget_type=\"heading.default\">\n\t\t\t\t<div class=\"elementor-widget-container\">\n\t\t\t\t\t<h2 class=\"elementor-heading-title elementor-size-small\">Mise \u00e0 jour le 19 mars 2026<\/h2>\t\t\t\t<\/div>\n\t\t\t\t<\/div>\n\t\t\t\t<div class=\"elementor-element elementor-element-74e3c5c elementor-invisible elementor-widget elementor-widget-image\" data-id=\"74e3c5c\" data-element_type=\"widget\" data-e-type=\"widget\" data-settings=\"{&quot;_animation&quot;:&quot;bounceIn&quot;}\" data-widget_type=\"image.default\">\n\t\t\t\t<div class=\"elementor-widget-container\">\n\t\t\t\t\t\t\t\t\t\t\t\t\t\t\t\t<a href=\"https:\/\/www.snepfsu-lille.net\/wp\/adherent\/caracteristiques-academie-lille\" target=\"_blank\">\n\t\t\t\t\t\t\t<img loading=\"lazy\" decoding=\"async\" width=\"300\" height=\"194\" src=\"https:\/\/www.snepfsu-lille.net\/wp\/wp-content\/uploads\/2022\/03\/carte-academie-lille-300x194.png\" class=\"elementor-animation-grow-rotate attachment-medium size-medium wp-image-9333\" alt=\"\" srcset=\"https:\/\/www.snepfsu-lille.net\/wp\/wp-content\/uploads\/2022\/03\/carte-academie-lille-300x194.png 300w, https:\/\/www.snepfsu-lille.net\/wp\/wp-content\/uploads\/2022\/03\/carte-academie-lille-1024x661.png 1024w, https:\/\/www.snepfsu-lille.net\/wp\/wp-content\/uploads\/2022\/03\/carte-academie-lille-768x496.png 768w, https:\/\/www.snepfsu-lille.net\/wp\/wp-content\/uploads\/2022\/03\/carte-academie-lille.png 1237w\" sizes=\"(max-width: 300px) 100vw, 300px\" \/>\t\t\t\t\t\t\t\t<\/a>\n\t\t\t\t\t\t\t\t\t\t\t\t\t\t\t<\/div>\n\t\t\t\t<\/div>\n\t\t\t\t\t<\/div>\n\t\t<\/div>\n\t\t\t\t<div class=\"elementor-column elementor-col-50 elementor-top-column elementor-element elementor-element-0b49b73\" data-id=\"0b49b73\" data-element_type=\"column\" data-e-type=\"column\">\n\t\t\t<div class=\"elementor-widget-wrap elementor-element-populated\">\n\t\t\t\t\t\t<div class=\"elementor-element elementor-element-38f8334 elementor-widget elementor-widget-heading\" data-id=\"38f8334\" data-element_type=\"widget\" data-e-type=\"widget\" data-widget_type=\"heading.default\">\n\t\t\t\t<div class=\"elementor-widget-container\">\n\t\t\t\t\t<h2 class=\"elementor-heading-title elementor-size-medium\">Mesures de carte scolaire et Postes FSTG bloqu\u00e9s au mouvement INTRA 2026<\/h2>\t\t\t\t<\/div>\n\t\t\t\t<\/div>\n\t\t\t\t<div class=\"elementor-element elementor-element-1417266 elementor-widget elementor-widget-heading\" data-id=\"1417266\" data-element_type=\"widget\" data-e-type=\"widget\" data-widget_type=\"heading.default\">\n\t\t\t\t<div class=\"elementor-widget-container\">\n\t\t\t\t\t<h2 class=\"elementor-heading-title elementor-size-small\">Mise \u00e0 jour le 20 mars 2026<\/h2>\t\t\t\t<\/div>\n\t\t\t\t<\/div>\n\t\t\t\t<div class=\"elementor-element elementor-element-e627f5e elementor-invisible elementor-widget elementor-widget-image\" data-id=\"e627f5e\" data-element_type=\"widget\" data-e-type=\"widget\" data-settings=\"{&quot;_animation&quot;:&quot;bounceIn&quot;}\" data-widget_type=\"image.default\">\n\t\t\t\t<div class=\"elementor-widget-container\">\n\t\t\t\t\t\t\t\t\t\t\t\t\t\t\t\t<a href=\"https:\/\/www.snepfsu-lille.net\/wp\/adherent\/mesures-de-carte-scolaire-et-postes-fstg-bloques-au-mouvement-intra-2026\/\" target=\"_blank\">\n\t\t\t\t\t\t\t<img loading=\"lazy\" decoding=\"async\" width=\"300\" height=\"203\" src=\"https:\/\/www.snepfsu-lille.net\/wp\/wp-content\/uploads\/2022\/02\/important-300x203.jpg\" class=\"elementor-animation-grow-rotate attachment-medium size-medium wp-image-8883\" alt=\"\" srcset=\"https:\/\/www.snepfsu-lille.net\/wp\/wp-content\/uploads\/2022\/02\/important-300x203.jpg 300w, https:\/\/www.snepfsu-lille.net\/wp\/wp-content\/uploads\/2022\/02\/important.jpg 333w\" sizes=\"(max-width: 300px) 100vw, 300px\" \/>\t\t\t\t\t\t\t\t<\/a>\n\t\t\t\t\t\t\t\t\t\t\t\t\t\t\t<\/div>\n\t\t\t\t<\/div>\n\t\t\t\t\t<\/div>\n\t\t<\/div>\n\t\t\t\t\t<\/div>\n\t\t<\/section>\n\t\t\t\t<\/div>\n\t\t","protected":false},"excerpt":{"rendered":"<p>Nouveaut\u00e9s Intra 2026 Mise \u00e0 jour le 19 mars 2026 Aucune nouveaut\u00e9 par rapport au mouvement intra 2025 Bulletins Intra<\/p>\n","protected":false},"author":2,"featured_media":0,"parent":1548,"menu_order":0,"comment_status":"closed","ping_status":"closed","template":"","meta":{"colormag_page_container_layout":"default_layout","colormag_page_sidebar_layout":"default_layout","_bbp_topic_count":0,"_bbp_reply_count":0,"_bbp_total_topic_count":0,"_bbp_total_reply_count":0,"_bbp_voice_count":0,"_bbp_anonymous_reply_count":0,"_bbp_topic_count_hidden":0,"_bbp_reply_count_hidden":0,"_bbp_forum_subforum_count":0,"footnotes":""},"class_list":["post-8867","page","type-page","status-publish","hentry"],"jetpack_sharing_enabled":true,"_links":{"self":[{"href":"https:\/\/www.snepfsu-lille.net\/wp\/wp-json\/wp\/v2\/pages\/8867","targetHints":{"allow":["GET"]}}],"collection":[{"href":"https:\/\/www.snepfsu-lille.net\/wp\/wp-json\/wp\/v2\/pages"}],"about":[{"href":"https:\/\/www.snepfsu-lille.net\/wp\/wp-json\/wp\/v2\/types\/page"}],"author":[{"embeddable":true,"href":"https:\/\/www.snepfsu-lille.net\/wp\/wp-json\/wp\/v2\/users\/2"}],"replies":[{"embeddable":true,"href":"https:\/\/www.snepfsu-lille.net\/wp\/wp-json\/wp\/v2\/comments?post=8867"}],"version-history":[{"count":296,"href":"https:\/\/www.snepfsu-lille.net\/wp\/wp-json\/wp\/v2\/pages\/8867\/revisions"}],"predecessor-version":[{"id":16772,"href":"https:\/\/www.snepfsu-lille.net\/wp\/wp-json\/wp\/v2\/pages\/8867\/revisions\/16772"}],"up":[{"embeddable":true,"href":"https:\/\/www.snepfsu-lille.net\/wp\/wp-json\/wp\/v2\/pages\/1548"}],"wp:attachment":[{"href":"https:\/\/www.snepfsu-lille.net\/wp\/wp-json\/wp\/v2\/media?parent=8867"}],"curies":[{"name":"wp","href":"https:\/\/api.w.org\/{rel}","templated":true}]}}